{"id":1027,"date":"2022-02-03T21:40:21","date_gmt":"2022-02-03T21:40:21","guid":{"rendered":"http:\/\/192.168.22.115\/flamamex\/?page_id=1027"},"modified":"2022-02-03T21:46:40","modified_gmt":"2022-02-03T21:46:40","slug":"aviso-de-privacidad","status":"publish","type":"page","link":"https:\/\/www.flamamex.com.mx\/index.php\/aviso-de-privacidad\/","title":{"rendered":"Aviso de Privacidad"},"content":{"rendered":"<p>Aviso de privacidad<br \/>\nLa empresa Flamamex S.A. de C.V. (en adelante referida como \u201dla empresa\u201d), con domicilio en Oriente 171 No. 316, Col.Ampliaci\u00f3n San Juan de Arag\u00f3n, Gustavo A. Madero, Ciudad de M\u00e9xico, C.P. 07470 en observancia a lo que dispone la Ley de Protecci\u00f3n de Datos Personales en Posesi\u00f3n de Particulares (La ley), le informa por este medio que los datos personales que reciba de usted, tales como: nombre, domicilio, tel\u00e9fono, correo electr\u00f3nico, datos bancarios y Registro Federal de Contribuyentes; ser\u00e1n tratados con privacidad.<\/p>\n<p>Esta informaci\u00f3n ser\u00e1 tratada \u00fanicamente para los fines propios de la actividad comercial que se desarrolla en \u00e9sta empresa, y por tal motivo, se le hace del conocimiento que a su vez podr\u00e1 ser transferida a terceras personas distintas a esta empresa que le prestan servicios de consultor\u00eda fiscal, legal y financiera, con el solo prop\u00f3sito de hacer cumplir las obligaciones y derechos propios de la relaci\u00f3n comercial y jur\u00eddica que previamente se haya originado, que se inicie a partir de \u00e9ste momento o que en un futuro se origine.     Los terceros que reciban la informaci\u00f3n deber\u00e1n atender las mismas condiciones aqu\u00ed establecidas y reguladas por la citada legislaci\u00f3n.<\/p>\n<p>Usted podr\u00e1 realizar cualquier aclaraci\u00f3n o manifestaci\u00f3n relacionada con sus datos personales, as\u00ed como, ejercer sus derechos consagrados en la Ley Referentes al Acceso, Rectificaci\u00f3n, Cancelaci\u00f3n y Oposici\u00f3n (ARCO), a trav\u00e9s de un escrito libre que contenga los requisitos que menciona la Ley, as\u00ed como, el motivo del mismo, envi\u00e1ndolo a la siguiente direcci\u00f3n electr\u00f3nica: admin@flamamex.com.mx. En caso de no consentir la transferencia a terceras personas de sus datos personales, as\u00ed como, a no recibir informaci\u00f3n promocional y comercial de esta empresa, deber\u00e1 manifestarlo a trav\u00e9s de correo electr\u00f3nico a la cuenta admin@flamamex.com.mx.<\/p>\n<p>En caso de no expresar de \u00e9sta manera su negativa a la realizaci\u00f3n de estas acciones, se entender\u00e1 que otorga el consentimiento a la transferencia y uso de su informaci\u00f3n para los fines comerciales de esta empresa. Cualquier cambio al presente aviso de privacidad, ser\u00e1 notificado por este medio, o publicado en el dominio de internet: https:\/\/www.flamamex.com.mx<\/p>\n<p>Fecha de actualizaci\u00f3n 01 de Abril de 2013.<\/p>\n","protected":false},"excerpt":{"rendered":"<p>Aviso de privacidad La empresa Flamamex S.A. de C.V. (en adelante referida como \u201dla empresa\u201d), con domicilio en Oriente 171 No. 316, Col.Ampliaci\u00f3n San Juan de Arag\u00f3n, Gustavo A. Madero, Ciudad de M\u00e9xico, C.P. 07470 en observancia a lo que dispone la Ley de Protecci\u00f3n de Datos Personales en Posesi\u00f3n de Particulares (La ley), le [&hellip;]<\/p>\n","protected":false},"author":1,"featured_media":0,"parent":0,"menu_order":0,"comment_status":"closed","ping_status":"closed","template":"","meta":{"_et_pb_use_builder":"","_et_pb_old_content":"","_et_gb_content_width":"","footnotes":""},"class_list":["post-1027","page","type-page","status-publish","hentry"],"_links":{"self":[{"href":"https:\/\/www.flamamex.com.mx\/index.php\/wp-json\/wp\/v2\/pages\/1027","targetHints":{"allow":["GET"]}}],"collection":[{"href":"https:\/\/www.flamamex.com.mx\/index.php\/wp-json\/wp\/v2\/pages"}],"about":[{"href":"https:\/\/www.flamamex.com.mx\/index.php\/wp-json\/wp\/v2\/types\/page"}],"author":[{"embeddable":true,"href":"https:\/\/www.flamamex.com.mx\/index.php\/wp-json\/wp\/v2\/users\/1"}],"replies":[{"embeddable":true,"href":"https:\/\/www.flamamex.com.mx\/index.php\/wp-json\/wp\/v2\/comments?post=1027"}],"version-history":[{"count":2,"href":"https:\/\/www.flamamex.com.mx\/index.php\/wp-json\/wp\/v2\/pages\/1027\/revisions"}],"predecessor-version":[{"id":1030,"href":"https:\/\/www.flamamex.com.mx\/index.php\/wp-json\/wp\/v2\/pages\/1027\/revisions\/1030"}],"wp:attachment":[{"href":"https:\/\/www.flamamex.com.mx\/index.php\/wp-json\/wp\/v2\/media?parent=1027"}],"curies":[{"name":"wp","href":"https:\/\/api.w.org\/{rel}","templated":true}]}}